{"id":13582,"date":"2023-05-21T13:44:58","date_gmt":"2023-05-21T10:44:58","guid":{"rendered":"https:\/\/womenartcollection.com\/?page_id=13582"},"modified":"2023-05-23T18:38:20","modified_gmt":"2023-05-23T15:38:20","slug":"recherche-nos-representants-exclusifs","status":"publish","type":"page","link":"https:\/\/womenartcollection.com\/fr\/recherche-nos-representants-exclusifs\/","title":{"rendered":"Recherche nos repr\u00e9sentants exclusifs"},"content":{"rendered":"<p style=\"text-align: center;\">&nbsp;<br \/>\n<iframe loading=\"lazy\" style=\"border: none; overflow: hidden;\" src=\"https:\/\/www.facebook.com\/plugins\/video.php?height=314&amp;href=https%3A%2F%2Fwww.facebook.com%2Fwomenartcollection%2Fvideos%2F969108064409710%2F&amp;show_text=false&amp;width=560&amp;t=0\" width=\"560\" height=\"314\" frameborder=\"0\" scrolling=\"no\" allowfullscreen=\"allowfullscreen\"><\/iframe><br \/>\n&nbsp;<strong>Grande Opportunit\u00e9<br \/>\n<\/strong>Devenez le Repr\u00e9sentant Exclusif de Women Art Collection dans votre pays !<\/p>\n<p>Women Art Collection, le site de r\u00e9f\u00e9rence pour les toiles imprim\u00e9es, cherche activement son repr\u00e9sentant ou sa repr\u00e9sentante exclusif(ve) dans chaque pays. Si vous \u00eates \u00e0 la recherche d&rsquo;une opportunit\u00e9 passionnante et lucrative, ne cherchez pas plus loin !<\/p>\n<p>Nous sommes fiers de proposer un produit innovant qui s\u00e9duit un large public. Nos toiles imprim\u00e9es sont le fruit d&rsquo;une technologie de pointe, offrant des visuels captivants en haute d\u00e9finition. Elles transforment instantan\u00e9ment n&rsquo;importe quel espace en une v\u00e9ritable \u0153uvre d&rsquo;art.<\/p>\n<p>En tant que repr\u00e9sentant(e) exclusif(ve) de Women Art Collection, vous serez responsable de promouvoir nos toiles imprim\u00e9es dans votre pays. Vous jouerez un r\u00f4le cl\u00e9 en pr\u00e9sentant nos produits exceptionnels \u00e0 un large \u00e9ventail de clients potentiels, des particuliers, des diff\u00e9rentes collectivit\u00e9s aux h\u00f4tels en passant par les organismes touristiques.<\/p>\n<p>Ce partenariat vous offre une r\u00e9mun\u00e9ration int\u00e9ressante, car vous b\u00e9n\u00e9ficierez de commissions attractives sur chaque vente r\u00e9alis\u00e9e, gr\u00e2ce \u00e0 vos efforts de promotion, directement et indirectement provenant de votre r\u00e9gion . De plus, vous aurez l&rsquo;opportunit\u00e9 de d\u00e9velopper votre propre r\u00e9seau de clients et de participer activement \u00e0 l&rsquo;essor de notre marque.<\/p>\n<p>Pour en savoir plus sur cette opportunit\u00e9 unique et pour obtenir des informations d\u00e9taill\u00e9es, nous vous invitons \u00e0 faire votre demande par email via le formulaire de contact ci-dessous. Nous serons ravis de vous fournir toutes les explications n\u00e9cessaires et de discuter des modalit\u00e9s de collaboration.<\/p>\n<p>N&rsquo;attendez plus, saisissez cette chance exceptionnelle de devenir le repr\u00e9sentant exclusif de Women Art Collection dans votre pays et de participer \u00e0 notre succ\u00e8s grandissant. Rejoignez-nous d\u00e8s maintenant en nous contactant via notre formulaire en ligne.<\/p>\n<p>Rejoignez-nous et faites partie de l&rsquo;aventure Women Art Collection !<\/p>\n<p style=\"text-align: center;\"><strong>Formulaire de demande d&rsquo;information<br \/>\n<\/strong>Merci de nous indiquer votre pays et motivations<\/p>\n<div class=\"wpforms-container wpforms-container-full wpforms-render-modern\" id=\"wpforms-11728\"><form id=\"wpforms-form-11728\" class=\"wpforms-validate wpforms-form wpforms-ajax-form\" data-formid=\"11728\" method=\"post\" enctype=\"multipart\/form-data\" action=\"\/fr\/wp-json\/wp\/v2\/pages\/13582\" data-token=\"f34b77c2854c0b4ebf218a6977530e5f\"><noscript class=\"wpforms-error-noscript\">Veuillez activer JavaScript dans votre navigateur pour remplir ce formulaire.<\/noscript><div class=\"wpforms-hidden\" id=\"wpforms-error-noscript\">Veuillez activer JavaScript dans votre navigateur pour remplir ce formulaire.<\/div><div class=\"wpforms-field-container\"><div id=\"wpforms-11728-field_0-container\" class=\"wpforms-field wpforms-field-name\" data-field-id=\"0\"><fieldset><legend class=\"wpforms-field-label\">Nom <span class=\"wpforms-required-label\" aria-hidden=\"true\">*<\/span><\/legend><div class=\"wpforms-field-row wpforms-field-medium\"><div class=\"wpforms-field-row-block wpforms-first wpforms-one-half\"><input type=\"text\" id=\"wpforms-11728-field_0\" class=\"wpforms-field-name-first wpforms-field-required\" name=\"wpforms[fields][0][first]\" aria-errormessage=\"wpforms-11728-field_0-error\" required><label for=\"wpforms-11728-field_0\" class=\"wpforms-field-sublabel after \">Pr\u00e9nom<\/label><\/div><div class=\"wpforms-field-row-block wpforms-one-half\"><input type=\"text\" id=\"wpforms-11728-field_0-last\" class=\"wpforms-field-name-last wpforms-field-required\" name=\"wpforms[fields][0][last]\" aria-errormessage=\"wpforms-11728-field_0-last-error\" required><label for=\"wpforms-11728-field_0-last\" class=\"wpforms-field-sublabel after \">Nom<\/label><\/div><\/div><\/fieldset><\/div><div id=\"wpforms-11728-field_1-container\" class=\"wpforms-field wpforms-field-email\" data-field-id=\"1\"><label class=\"wpforms-field-label\" for=\"wpforms-11728-field_1\">E-mail <span class=\"wpforms-required-label\" aria-hidden=\"true\">*<\/span><\/label><input type=\"email\" id=\"wpforms-11728-field_1\" class=\"wpforms-field-medium wpforms-field-required\" name=\"wpforms[fields][1]\" spellcheck=\"false\" aria-errormessage=\"wpforms-11728-field_1-error\" required><\/div><div id=\"wpforms-11728-field_2-container\" class=\"wpforms-field wpforms-field-textarea\" data-field-id=\"2\"><label class=\"wpforms-field-label\" for=\"wpforms-11728-field_2\">Commentaire ou message<\/label><textarea id=\"wpforms-11728-field_2\" class=\"wpforms-field-medium\" name=\"wpforms[fields][2]\" aria-errormessage=\"wpforms-11728-field_2-error\" ><\/textarea><\/div><\/div><!-- .wpforms-field-container --><div class=\"wpforms-submit-container\" ><input type=\"hidden\" name=\"wpforms[id]\" value=\"11728\"><input type=\"hidden\" name=\"wpforms[author]\" value=\"1\"><button type=\"submit\" name=\"wpforms[submit]\" id=\"wpforms-submit-11728\" class=\"wpforms-submit\" data-alt-text=\"Envoi...\" data-submit-text=\"Envoyer\" aria-live=\"assertive\" value=\"wpforms-submit\">Envoyer<\/button><img loading=\"lazy\" decoding=\"async\" src=\"https:\/\/womenartcollection.com\/wp-content\/plugins\/wpforms-lite\/assets\/images\/submit-spin.svg\" class=\"wpforms-submit-spinner\" style=\"display: none;\" width=\"26\" height=\"26\" alt=\"Chargement en cours\"><\/div><\/form><\/div>  <!-- .wpforms-container -->\n","protected":false},"excerpt":{"rendered":"<p>&nbsp; &nbsp;Grande Opportunit\u00e9 Devenez le Repr\u00e9sentant Exclusif de Women Art Collection dans votre pays ! Women Art Collection, le site de r\u00e9f\u00e9rence pour les toiles imprim\u00e9es, cherche activement son repr\u00e9sentant ou sa repr\u00e9sentante exclusif(ve) dans chaque pays. Si vous \u00eates \u00e0 la recherche d&rsquo;une opportunit\u00e9 passionnante et lucrative, ne cherchez pas plus loin ! Nous [&hellip;]<\/p>\n","protected":false},"author":1,"featured_media":0,"parent":0,"menu_order":0,"comment_status":"closed","ping_status":"closed","template":"","meta":{"ngg_post_thumbnail":0,"footnotes":""},"class_list":["post-13582","page","type-page","status-publish","hentry","entry"],"yoast_head":"<!-- This site is optimized with the Yoast SEO Premium plugin v20.1 (Yoast SEO v20.6) - https:\/\/yoast.com\/wordpress\/plugins\/seo\/ -->\n<title>Recherche nos repr\u00e9sentants exclusifs - Women Art Collection<\/title>\n<meta name=\"description\" content=\"Devenez le Repr\u00e9sentant Exclusif de Women Art Collection dans votre pays et b\u00e9n\u00e9ficiez de r\u00e9mun\u00e9ration int\u00e9ressante\" \/>\n<meta name=\"robots\" content=\"index, follow, max-snippet:-1, max-image-preview:large, max-video-preview:-1\" \/>\n<link rel=\"canonical\" href=\"https:\/\/womenartcollection.com\/recherche-nos-representants-exclusifs\/\" \/>\n<meta property=\"og:locale\" content=\"fr_FR\" \/>\n<meta property=\"og:type\" content=\"article\" \/>\n<meta property=\"og:title\" content=\"Recherche nos repr\u00e9sentants exclusifs\" \/>\n<meta property=\"og:description\" content=\"Devenez le Repr\u00e9sentant Exclusif de Women Art Collection dans votre pays et b\u00e9n\u00e9ficiez de r\u00e9mun\u00e9ration int\u00e9ressante\" \/>\n<meta property=\"og:url\" content=\"https:\/\/womenartcollection.com\/recherche-nos-representants-exclusifs\/\" \/>\n<meta property=\"og:site_name\" content=\"Women Art Collection\" \/>\n<meta property=\"article:publisher\" content=\"https:\/\/www.facebook.com\/womenartcollection\/\" \/>\n<meta property=\"article:modified_time\" content=\"2023-05-23T15:38:20+00:00\" \/>\n<meta property=\"og:image\" content=\"https:\/\/womenartcollection.com\/wp-content\/uploads\/2023\/05\/women-art-collection.png\" \/>\n\t<meta property=\"og:image:width\" content=\"1200\" \/>\n\t<meta property=\"og:image:height\" content=\"675\" \/>\n\t<meta property=\"og:image:type\" content=\"image\/png\" \/>\n<meta name=\"twitter:card\" content=\"summary_large_image\" \/>\n<meta name=\"twitter:label1\" content=\"Dur\u00e9e de lecture estim\u00e9e\" \/>\n\t<meta name=\"twitter:data1\" content=\"2 minutes\" \/>\n<script type=\"application\/ld+json\" class=\"yoast-schema-graph\">{\"@context\":\"https:\/\/schema.org\",\"@graph\":[{\"@type\":\"WebPage\",\"@id\":\"https:\/\/womenartcollection.com\/recherche-nos-representants-exclusifs\/\",\"url\":\"https:\/\/womenartcollection.com\/recherche-nos-representants-exclusifs\/\",\"name\":\"Recherche nos repr\u00e9sentants exclusifs - Women Art Collection\",\"isPartOf\":{\"@id\":\"https:\/\/womenartcollection.com\/#website\"},\"datePublished\":\"2023-05-21T10:44:58+00:00\",\"dateModified\":\"2023-05-23T15:38:20+00:00\",\"description\":\"Devenez le Repr\u00e9sentant Exclusif de Women Art Collection dans votre pays et b\u00e9n\u00e9ficiez de r\u00e9mun\u00e9ration int\u00e9ressante\",\"breadcrumb\":{\"@id\":\"https:\/\/womenartcollection.com\/recherche-nos-representants-exclusifs\/#breadcrumb\"},\"inLanguage\":\"fr-FR\",\"potentialAction\":[{\"@type\":\"ReadAction\",\"target\":[\"https:\/\/womenartcollection.com\/recherche-nos-representants-exclusifs\/\"]}]},{\"@type\":\"BreadcrumbList\",\"@id\":\"https:\/\/womenartcollection.com\/recherche-nos-representants-exclusifs\/#breadcrumb\",\"itemListElement\":[{\"@type\":\"ListItem\",\"position\":1,\"name\":\"Accueil\",\"item\":\"https:\/\/womenartcollection.com\/fr\/\"},{\"@type\":\"ListItem\",\"position\":2,\"name\":\"Recherche nos repr\u00e9sentants exclusifs\"}]},{\"@type\":\"WebSite\",\"@id\":\"https:\/\/womenartcollection.com\/#website\",\"url\":\"https:\/\/womenartcollection.com\/\",\"name\":\"Women Art Collection\",\"description\":\"The largest collection of paintings and drawings dedicated to women in the world.\",\"publisher\":{\"@id\":\"https:\/\/womenartcollection.com\/#organization\"},\"alternateName\":\"The largest collection of works painted in honor of women. Unique digital paintings representing women in different countries of the world and following different themes\",\"potentialAction\":[{\"@type\":\"SearchAction\",\"target\":{\"@type\":\"EntryPoint\",\"urlTemplate\":\"https:\/\/womenartcollection.com\/?s={search_term_string}\"},\"query-input\":\"required name=search_term_string\"}],\"inLanguage\":\"fr-FR\"},{\"@type\":\"Organization\",\"@id\":\"https:\/\/womenartcollection.com\/#organization\",\"name\":\"Women Art Collection\",\"alternateName\":\"Collection watercolor women art\",\"url\":\"https:\/\/womenartcollection.com\/\",\"logo\":{\"@type\":\"ImageObject\",\"inLanguage\":\"fr-FR\",\"@id\":\"https:\/\/womenartcollection.com\/#\/schema\/logo\/image\/\",\"url\":\"https:\/\/womenartcollection.com\/wp-content\/uploads\/2023\/05\/LOGO.jpg\",\"contentUrl\":\"https:\/\/womenartcollection.com\/wp-content\/uploads\/2023\/05\/LOGO.jpg\",\"width\":696,\"height\":688,\"caption\":\"Women Art Collection\"},\"image\":{\"@id\":\"https:\/\/womenartcollection.com\/#\/schema\/logo\/image\/\"},\"sameAs\":[\"https:\/\/www.facebook.com\/womenartcollection\/\"]}]}<\/script>\n<!-- \/ Yoast SEO Premium plugin. -->","yoast_head_json":{"title":"Recherche nos repr\u00e9sentants exclusifs - Women Art Collection","description":"Devenez le Repr\u00e9sentant Exclusif de Women Art Collection dans votre pays et b\u00e9n\u00e9ficiez de r\u00e9mun\u00e9ration int\u00e9ressante","robots":{"index":"index","follow":"follow","max-snippet":"max-snippet:-1","max-image-preview":"max-image-preview:large","max-video-preview":"max-video-preview:-1"},"canonical":"https:\/\/womenartcollection.com\/recherche-nos-representants-exclusifs\/","og_locale":"fr_FR","og_type":"article","og_title":"Recherche nos repr\u00e9sentants exclusifs","og_description":"Devenez le Repr\u00e9sentant Exclusif de Women Art Collection dans votre pays et b\u00e9n\u00e9ficiez de r\u00e9mun\u00e9ration int\u00e9ressante","og_url":"https:\/\/womenartcollection.com\/recherche-nos-representants-exclusifs\/","og_site_name":"Women Art Collection","article_publisher":"https:\/\/www.facebook.com\/womenartcollection\/","article_modified_time":"2023-05-23T15:38:20+00:00","og_image":[{"width":1200,"height":675,"url":"https:\/\/womenartcollection.com\/wp-content\/uploads\/2023\/05\/women-art-collection.png","type":"image\/png"}],"twitter_card":"summary_large_image","twitter_misc":{"Dur\u00e9e de lecture estim\u00e9e":"2 minutes"},"schema":{"@context":"https:\/\/schema.org","@graph":[{"@type":"WebPage","@id":"https:\/\/womenartcollection.com\/recherche-nos-representants-exclusifs\/","url":"https:\/\/womenartcollection.com\/recherche-nos-representants-exclusifs\/","name":"Recherche nos repr\u00e9sentants exclusifs - Women Art Collection","isPartOf":{"@id":"https:\/\/womenartcollection.com\/#website"},"datePublished":"2023-05-21T10:44:58+00:00","dateModified":"2023-05-23T15:38:20+00:00","description":"Devenez le Repr\u00e9sentant Exclusif de Women Art Collection dans votre pays et b\u00e9n\u00e9ficiez de r\u00e9mun\u00e9ration int\u00e9ressante","breadcrumb":{"@id":"https:\/\/womenartcollection.com\/recherche-nos-representants-exclusifs\/#breadcrumb"},"inLanguage":"fr-FR","potentialAction":[{"@type":"ReadAction","target":["https:\/\/womenartcollection.com\/recherche-nos-representants-exclusifs\/"]}]},{"@type":"BreadcrumbList","@id":"https:\/\/womenartcollection.com\/recherche-nos-representants-exclusifs\/#breadcrumb","itemListElement":[{"@type":"ListItem","position":1,"name":"Accueil","item":"https:\/\/womenartcollection.com\/fr\/"},{"@type":"ListItem","position":2,"name":"Recherche nos repr\u00e9sentants exclusifs"}]},{"@type":"WebSite","@id":"https:\/\/womenartcollection.com\/#website","url":"https:\/\/womenartcollection.com\/","name":"Women Art Collection","description":"The largest collection of paintings and drawings dedicated to women in the world.","publisher":{"@id":"https:\/\/womenartcollection.com\/#organization"},"alternateName":"The largest collection of works painted in honor of women. Unique digital paintings representing women in different countries of the world and following different themes","potentialAction":[{"@type":"SearchAction","target":{"@type":"EntryPoint","urlTemplate":"https:\/\/womenartcollection.com\/?s={search_term_string}"},"query-input":"required name=search_term_string"}],"inLanguage":"fr-FR"},{"@type":"Organization","@id":"https:\/\/womenartcollection.com\/#organization","name":"Women Art Collection","alternateName":"Collection watercolor women art","url":"https:\/\/womenartcollection.com\/","logo":{"@type":"ImageObject","inLanguage":"fr-FR","@id":"https:\/\/womenartcollection.com\/#\/schema\/logo\/image\/","url":"https:\/\/womenartcollection.com\/wp-content\/uploads\/2023\/05\/LOGO.jpg","contentUrl":"https:\/\/womenartcollection.com\/wp-content\/uploads\/2023\/05\/LOGO.jpg","width":696,"height":688,"caption":"Women Art Collection"},"image":{"@id":"https:\/\/womenartcollection.com\/#\/schema\/logo\/image\/"},"sameAs":["https:\/\/www.facebook.com\/womenartcollection\/"]}]}},"_links":{"self":[{"href":"https:\/\/womenartcollection.com\/fr\/wp-json\/wp\/v2\/pages\/13582","targetHints":{"allow":["GET"]}}],"collection":[{"href":"https:\/\/womenartcollection.com\/fr\/wp-json\/wp\/v2\/pages"}],"about":[{"href":"https:\/\/womenartcollection.com\/fr\/wp-json\/wp\/v2\/types\/page"}],"author":[{"embeddable":true,"href":"https:\/\/womenartcollection.com\/fr\/wp-json\/wp\/v2\/users\/1"}],"replies":[{"embeddable":true,"href":"https:\/\/womenartcollection.com\/fr\/wp-json\/wp\/v2\/comments?post=13582"}],"version-history":[{"count":5,"href":"https:\/\/womenartcollection.com\/fr\/wp-json\/wp\/v2\/pages\/13582\/revisions"}],"predecessor-version":[{"id":13587,"href":"https:\/\/womenartcollection.com\/fr\/wp-json\/wp\/v2\/pages\/13582\/revisions\/13587"}],"wp:attachment":[{"href":"https:\/\/womenartcollection.com\/fr\/wp-json\/wp\/v2\/media?parent=13582"}],"curies":[{"name":"wp","href":"https:\/\/api.w.org\/{rel}","templated":true}]}}