{"id":7593,"date":"2016-02-17T22:30:45","date_gmt":"2016-02-17T19:30:45","guid":{"rendered":"https:\/\/womenartcollection.com\/contactez-nous\/"},"modified":"2023-05-10T12:52:21","modified_gmt":"2023-05-10T09:52:21","slug":"contactez-nous","status":"publish","type":"page","link":"https:\/\/womenartcollection.com\/fr\/contactez-nous\/","title":{"rendered":"Contactez-nous"},"content":{"rendered":"\r\n<p>.<br>N&rsquo;h\u00e9sitez pas \u00e0 nous contacter pour plus d&rsquo;informations ou pour une demande d&rsquo;image sp\u00e9cifique que nous pouvons cr\u00e9er pour vous.<\/p>\r\n<div class=\"wpforms-container wpforms-container-full wpforms-render-modern\" id=\"wpforms-11728\"><form id=\"wpforms-form-11728\" class=\"wpforms-validate wpforms-form wpforms-ajax-form\" data-formid=\"11728\" method=\"post\" enctype=\"multipart\/form-data\" action=\"\/fr\/wp-json\/wp\/v2\/pages\/7593\" data-token=\"f47a742b2b424d9ab407514c85518b8c\"><noscript class=\"wpforms-error-noscript\">Veuillez activer JavaScript dans votre navigateur pour remplir ce formulaire.<\/noscript><div class=\"wpforms-hidden\" id=\"wpforms-error-noscript\">Veuillez activer JavaScript dans votre navigateur pour remplir ce formulaire.<\/div><div class=\"wpforms-field-container\"><div id=\"wpforms-11728-field_0-container\" class=\"wpforms-field wpforms-field-name\" data-field-id=\"0\"><fieldset><legend class=\"wpforms-field-label\">Nom <span class=\"wpforms-required-label\" aria-hidden=\"true\">*<\/span><\/legend><div class=\"wpforms-field-row wpforms-field-medium\"><div class=\"wpforms-field-row-block wpforms-first wpforms-one-half\"><input type=\"text\" id=\"wpforms-11728-field_0\" class=\"wpforms-field-name-first wpforms-field-required\" name=\"wpforms[fields][0][first]\" aria-errormessage=\"wpforms-11728-field_0-error\" required><label for=\"wpforms-11728-field_0\" class=\"wpforms-field-sublabel after \">Pr\u00e9nom<\/label><\/div><div class=\"wpforms-field-row-block wpforms-one-half\"><input type=\"text\" id=\"wpforms-11728-field_0-last\" class=\"wpforms-field-name-last wpforms-field-required\" name=\"wpforms[fields][0][last]\" aria-errormessage=\"wpforms-11728-field_0-last-error\" required><label for=\"wpforms-11728-field_0-last\" class=\"wpforms-field-sublabel after \">Nom<\/label><\/div><\/div><\/fieldset><\/div><div id=\"wpforms-11728-field_1-container\" class=\"wpforms-field wpforms-field-email\" data-field-id=\"1\"><label class=\"wpforms-field-label\" for=\"wpforms-11728-field_1\">E-mail <span class=\"wpforms-required-label\" aria-hidden=\"true\">*<\/span><\/label><input type=\"email\" id=\"wpforms-11728-field_1\" class=\"wpforms-field-medium wpforms-field-required\" name=\"wpforms[fields][1]\" spellcheck=\"false\" aria-errormessage=\"wpforms-11728-field_1-error\" required><\/div><div id=\"wpforms-11728-field_2-container\" class=\"wpforms-field wpforms-field-textarea\" data-field-id=\"2\"><label class=\"wpforms-field-label\" for=\"wpforms-11728-field_2\">Commentaire ou message<\/label><textarea id=\"wpforms-11728-field_2\" class=\"wpforms-field-medium\" name=\"wpforms[fields][2]\" aria-errormessage=\"wpforms-11728-field_2-error\" ><\/textarea><\/div><\/div><!-- .wpforms-field-container --><div class=\"wpforms-submit-container\" ><input type=\"hidden\" name=\"wpforms[id]\" value=\"11728\"><input type=\"hidden\" name=\"wpforms[author]\" value=\"1\"><button type=\"submit\" name=\"wpforms[submit]\" id=\"wpforms-submit-11728\" class=\"wpforms-submit\" data-alt-text=\"Envoi...\" data-submit-text=\"Envoyer\" aria-live=\"assertive\" value=\"wpforms-submit\">Envoyer<\/button><img loading=\"lazy\" decoding=\"async\" src=\"https:\/\/womenartcollection.com\/wp-content\/plugins\/wpforms-lite\/assets\/images\/submit-spin.svg\" class=\"wpforms-submit-spinner\" style=\"display: none;\" width=\"26\" height=\"26\" alt=\"Chargement en cours\"><\/div><\/form><\/div>  <!-- .wpforms-container -->\r\n","protected":false},"excerpt":{"rendered":"<p>.N&rsquo;h\u00e9sitez pas \u00e0 nous contacter pour plus d&rsquo;informations ou pour une demande d&rsquo;image sp\u00e9cifique que nous pouvons cr\u00e9er pour vous.<\/p>\n","protected":false},"author":1,"featured_media":7526,"parent":0,"menu_order":0,"comment_status":"closed","ping_status":"closed","template":"","meta":{"ngg_post_thumbnail":0,"footnotes":""},"class_list":["post-7593","page","type-page","status-publish","has-post-thumbnail","hentry","entry","has-media"],"yoast_head":"<!-- This site is optimized with the Yoast SEO Premium plugin v20.1 (Yoast SEO v20.6) - https:\/\/yoast.com\/wordpress\/plugins\/seo\/ -->\n<title>Contactez-nous - Women Art Collection<\/title>\n<meta name=\"robots\" content=\"index, follow, max-snippet:-1, max-image-preview:large, max-video-preview:-1\" \/>\n<link rel=\"canonical\" href=\"https:\/\/womenartcollection.com\/contactez-nous\/\" \/>\n<meta property=\"og:locale\" content=\"fr_FR\" \/>\n<meta property=\"og:type\" content=\"article\" \/>\n<meta property=\"og:title\" content=\"Contactez-nous\" \/>\n<meta property=\"og:description\" content=\".N&rsquo;h\u00e9sitez pas \u00e0 nous contacter pour plus d&rsquo;informations ou pour une demande d&rsquo;image sp\u00e9cifique que nous pouvons cr\u00e9er pour vous.\" \/>\n<meta property=\"og:url\" content=\"https:\/\/womenartcollection.com\/contactez-nous\/\" \/>\n<meta property=\"og:site_name\" content=\"Women Art Collection\" \/>\n<meta property=\"article:publisher\" content=\"https:\/\/www.facebook.com\/womenartcollection\/\" \/>\n<meta property=\"article:modified_time\" content=\"2023-05-10T09:52:21+00:00\" \/>\n<meta property=\"og:image\" content=\"https:\/\/womenartcollection.com\/wp-content\/uploads\/2019\/11\/Unsplash-64.jpg\" \/>\n\t<meta property=\"og:image:width\" content=\"2000\" \/>\n\t<meta property=\"og:image:height\" content=\"1414\" \/>\n\t<meta property=\"og:image:type\" content=\"image\/jpeg\" \/>\n<meta name=\"twitter:card\" content=\"summary_large_image\" \/>\n<meta name=\"twitter:label1\" content=\"Dur\u00e9e de lecture estim\u00e9e\" \/>\n\t<meta name=\"twitter:data1\" content=\"1 minute\" \/>\n<script type=\"application\/ld+json\" class=\"yoast-schema-graph\">{\"@context\":\"https:\/\/schema.org\",\"@graph\":[{\"@type\":\"WebPage\",\"@id\":\"https:\/\/womenartcollection.com\/contactez-nous\/\",\"url\":\"https:\/\/womenartcollection.com\/contactez-nous\/\",\"name\":\"Contactez-nous - Women Art Collection\",\"isPartOf\":{\"@id\":\"https:\/\/womenartcollection.com\/#website\"},\"datePublished\":\"2016-02-17T19:30:45+00:00\",\"dateModified\":\"2023-05-10T09:52:21+00:00\",\"breadcrumb\":{\"@id\":\"https:\/\/womenartcollection.com\/contactez-nous\/#breadcrumb\"},\"inLanguage\":\"fr-FR\",\"potentialAction\":[{\"@type\":\"ReadAction\",\"target\":[\"https:\/\/womenartcollection.com\/contactez-nous\/\"]}]},{\"@type\":\"BreadcrumbList\",\"@id\":\"https:\/\/womenartcollection.com\/contactez-nous\/#breadcrumb\",\"itemListElement\":[{\"@type\":\"ListItem\",\"position\":1,\"name\":\"Accueil\",\"item\":\"https:\/\/womenartcollection.com\/fr\/\"},{\"@type\":\"ListItem\",\"position\":2,\"name\":\"Contactez-nous\"}]},{\"@type\":\"WebSite\",\"@id\":\"https:\/\/womenartcollection.com\/#website\",\"url\":\"https:\/\/womenartcollection.com\/\",\"name\":\"Women Art Collection\",\"description\":\"The largest collection of paintings and drawings dedicated to women in the world.\",\"publisher\":{\"@id\":\"https:\/\/womenartcollection.com\/#organization\"},\"alternateName\":\"The largest collection of works painted in honor of women. Unique digital paintings representing women in different countries of the world and following different themes\",\"potentialAction\":[{\"@type\":\"SearchAction\",\"target\":{\"@type\":\"EntryPoint\",\"urlTemplate\":\"https:\/\/womenartcollection.com\/?s={search_term_string}\"},\"query-input\":\"required name=search_term_string\"}],\"inLanguage\":\"fr-FR\"},{\"@type\":\"Organization\",\"@id\":\"https:\/\/womenartcollection.com\/#organization\",\"name\":\"Women Art Collection\",\"alternateName\":\"Collection watercolor women art\",\"url\":\"https:\/\/womenartcollection.com\/\",\"logo\":{\"@type\":\"ImageObject\",\"inLanguage\":\"fr-FR\",\"@id\":\"https:\/\/womenartcollection.com\/#\/schema\/logo\/image\/\",\"url\":\"https:\/\/womenartcollection.com\/wp-content\/uploads\/2023\/05\/LOGO.jpg\",\"contentUrl\":\"https:\/\/womenartcollection.com\/wp-content\/uploads\/2023\/05\/LOGO.jpg\",\"width\":696,\"height\":688,\"caption\":\"Women Art Collection\"},\"image\":{\"@id\":\"https:\/\/womenartcollection.com\/#\/schema\/logo\/image\/\"},\"sameAs\":[\"https:\/\/www.facebook.com\/womenartcollection\/\"]}]}<\/script>\n<!-- \/ Yoast SEO Premium plugin. -->","yoast_head_json":{"title":"Contactez-nous - Women Art Collection","robots":{"index":"index","follow":"follow","max-snippet":"max-snippet:-1","max-image-preview":"max-image-preview:large","max-video-preview":"max-video-preview:-1"},"canonical":"https:\/\/womenartcollection.com\/contactez-nous\/","og_locale":"fr_FR","og_type":"article","og_title":"Contactez-nous","og_description":".N&rsquo;h\u00e9sitez pas \u00e0 nous contacter pour plus d&rsquo;informations ou pour une demande d&rsquo;image sp\u00e9cifique que nous pouvons cr\u00e9er pour vous.","og_url":"https:\/\/womenartcollection.com\/contactez-nous\/","og_site_name":"Women Art Collection","article_publisher":"https:\/\/www.facebook.com\/womenartcollection\/","article_modified_time":"2023-05-10T09:52:21+00:00","og_image":[{"width":2000,"height":1414,"url":"https:\/\/womenartcollection.com\/wp-content\/uploads\/2019\/11\/Unsplash-64.jpg","type":"image\/jpeg"}],"twitter_card":"summary_large_image","twitter_misc":{"Dur\u00e9e de lecture estim\u00e9e":"1 minute"},"schema":{"@context":"https:\/\/schema.org","@graph":[{"@type":"WebPage","@id":"https:\/\/womenartcollection.com\/contactez-nous\/","url":"https:\/\/womenartcollection.com\/contactez-nous\/","name":"Contactez-nous - Women Art Collection","isPartOf":{"@id":"https:\/\/womenartcollection.com\/#website"},"datePublished":"2016-02-17T19:30:45+00:00","dateModified":"2023-05-10T09:52:21+00:00","breadcrumb":{"@id":"https:\/\/womenartcollection.com\/contactez-nous\/#breadcrumb"},"inLanguage":"fr-FR","potentialAction":[{"@type":"ReadAction","target":["https:\/\/womenartcollection.com\/contactez-nous\/"]}]},{"@type":"BreadcrumbList","@id":"https:\/\/womenartcollection.com\/contactez-nous\/#breadcrumb","itemListElement":[{"@type":"ListItem","position":1,"name":"Accueil","item":"https:\/\/womenartcollection.com\/fr\/"},{"@type":"ListItem","position":2,"name":"Contactez-nous"}]},{"@type":"WebSite","@id":"https:\/\/womenartcollection.com\/#website","url":"https:\/\/womenartcollection.com\/","name":"Women Art Collection","description":"The largest collection of paintings and drawings dedicated to women in the world.","publisher":{"@id":"https:\/\/womenartcollection.com\/#organization"},"alternateName":"The largest collection of works painted in honor of women. Unique digital paintings representing women in different countries of the world and following different themes","potentialAction":[{"@type":"SearchAction","target":{"@type":"EntryPoint","urlTemplate":"https:\/\/womenartcollection.com\/?s={search_term_string}"},"query-input":"required name=search_term_string"}],"inLanguage":"fr-FR"},{"@type":"Organization","@id":"https:\/\/womenartcollection.com\/#organization","name":"Women Art Collection","alternateName":"Collection watercolor women art","url":"https:\/\/womenartcollection.com\/","logo":{"@type":"ImageObject","inLanguage":"fr-FR","@id":"https:\/\/womenartcollection.com\/#\/schema\/logo\/image\/","url":"https:\/\/womenartcollection.com\/wp-content\/uploads\/2023\/05\/LOGO.jpg","contentUrl":"https:\/\/womenartcollection.com\/wp-content\/uploads\/2023\/05\/LOGO.jpg","width":696,"height":688,"caption":"Women Art Collection"},"image":{"@id":"https:\/\/womenartcollection.com\/#\/schema\/logo\/image\/"},"sameAs":["https:\/\/www.facebook.com\/womenartcollection\/"]}]}},"_links":{"self":[{"href":"https:\/\/womenartcollection.com\/fr\/wp-json\/wp\/v2\/pages\/7593","targetHints":{"allow":["GET"]}}],"collection":[{"href":"https:\/\/womenartcollection.com\/fr\/wp-json\/wp\/v2\/pages"}],"about":[{"href":"https:\/\/womenartcollection.com\/fr\/wp-json\/wp\/v2\/types\/page"}],"author":[{"embeddable":true,"href":"https:\/\/womenartcollection.com\/fr\/wp-json\/wp\/v2\/users\/1"}],"replies":[{"embeddable":true,"href":"https:\/\/womenartcollection.com\/fr\/wp-json\/wp\/v2\/comments?post=7593"}],"version-history":[{"count":1,"href":"https:\/\/womenartcollection.com\/fr\/wp-json\/wp\/v2\/pages\/7593\/revisions"}],"predecessor-version":[{"id":11732,"href":"https:\/\/womenartcollection.com\/fr\/wp-json\/wp\/v2\/pages\/7593\/revisions\/11732"}],"wp:featuredmedia":[{"embeddable":true,"href":"https:\/\/womenartcollection.com\/fr\/wp-json\/wp\/v2\/media\/7526"}],"wp:attachment":[{"href":"https:\/\/womenartcollection.com\/fr\/wp-json\/wp\/v2\/media?parent=7593"}],"curies":[{"name":"wp","href":"https:\/\/api.w.org\/{rel}","templated":true}]}}