{"id":7882,"date":"2023-04-11T17:30:05","date_gmt":"2023-04-11T14:30:05","guid":{"rendered":"https:\/\/womenartcollection.com\/conditions-dutilisation\/"},"modified":"2023-04-27T11:50:29","modified_gmt":"2023-04-27T08:50:29","slug":"conditions-dutilisation","status":"publish","type":"page","link":"https:\/\/womenartcollection.com\/fr\/conditions-dutilisation\/","title":{"rendered":"conditions d&rsquo;utilisation"},"content":{"rendered":"<p>&nbsp;<\/p>\n<p><strong>Conditions d&rsquo;utilisation<\/strong><\/p>\n<p>Pr\u00e9ambule<\/p>\n<p>Le site womenartcollection.com propose \u00e0 la vente des images de synth\u00e8se en haute r\u00e9solution. En utilisant ce site, vous acceptez les pr\u00e9sentes conditions d&rsquo;utilisation. Nous affirmons que toutes les images pr\u00e9sentes sur le site sont uniques et ont \u00e9t\u00e9 cr\u00e9\u00e9es exclusivement pour womenartcollection.com.<\/p>\n<p><strong>Utilisation du site web<\/strong><\/p>\n<p>2.1. Acc\u00e8s au site L&rsquo;acc\u00e8s au site est ouvert \u00e0 tous, sans restriction, \u00e0 l&rsquo;exception des mineurs de moins de 18 ans qui doivent obtenir l&rsquo;autorisation de leur repr\u00e9sentant l\u00e9gal pour utiliser le site.<\/p>\n<p>2.2. Compte utilisateur La cr\u00e9ation d&rsquo;un compte utilisateur est n\u00e9cessaire pour acheter des images sur le site. Vous \u00eates responsable de la s\u00e9curit\u00e9 de votre compte utilisateur et de votre mot de passe. Vous vous engagez \u00e0 ne pas partager votre compte avec des tiers.<\/p>\n<p>2.3. Utilisation du site web En utilisant le site web, vous vous engagez \u00e0 ne pas compromettre l&rsquo;int\u00e9grit\u00e9 du site web ou de son contenu, ni \u00e0 violer aucune loi.<\/p>\n<p><strong>Propri\u00e9t\u00e9 intellectuelle<\/strong><\/p>\n<p>3.1. Droits de propri\u00e9t\u00e9 intellectuelle sur les images. Les images vendues sur le site web sont g\u00e9n\u00e9r\u00e9es par ordinateur et ne sont pas prot\u00e9g\u00e9es par des droits de propri\u00e9t\u00e9 intellectuelle. Vous vous engagez \u00e0 n&rsquo;utiliser les images qu&rsquo;aux fins autoris\u00e9es par le site.<\/p>\n<p>3.2. Utilisation des images Vous \u00eates autoris\u00e9 \u00e0 utiliser les images achet\u00e9es sur le site web \u00e0 des fins personnelles ou commerciales, \u00e0 l&rsquo;exception des utilisations suivantes :<\/p>\n<p>Revendre ou distribuer les images ;<br \/>\nUtiliser les images dans un contexte diffamatoire ou ill\u00e9gal.<\/p>\n<p><strong>Prix et paiement<\/strong><\/p>\n<p>4.1. Prix Les prix des images sont indiqu\u00e9s en euros, toutes taxes comprises.<\/p>\n<p>4.2. Paiement s\u00e9curis\u00e9<br \/>\nLe paiement s&rsquo;effectue en ligne par carte de cr\u00e9dit via STRIPE ou PayPal. Le site ne conserve pas les informations relatives au paiement.<\/p>\n<p><strong>Responsabilit\u00e9<\/strong><\/p>\n<p>5.1. Responsabilit\u00e9 du site Le site ne peut \u00eatre tenu responsable des dommages directs ou indirects caus\u00e9s par l&rsquo;utilisation du site ou des images vendues sur le site.<\/p>\n<p>5.2. Responsabilit\u00e9 de l&rsquo;utilisateur Vous \u00eates responsable de l&rsquo;utilisation des images achet\u00e9es sur le site. Vous acceptez d&rsquo;indemniser le site web en cas de r\u00e9clamation ou de proc\u00e9dure intent\u00e9e contre le site web en raison de votre utilisation des images.<\/p>\n<p><strong>Modification des conditions g\u00e9n\u00e9rales<\/strong><\/p>\n<p>Le site web se r\u00e9serve le droit de modifier les pr\u00e9sentes conditions g\u00e9n\u00e9rales \u00e0 tout moment. Les modifications entreront en vigueur d\u00e8s leur publication sur le site web. Il vous incombe de consulter r\u00e9guli\u00e8rement les conditions d&rsquo;utilisation afin de vous tenir inform\u00e9 de tout changement.<\/p>\n<p><strong>Droit applicable et juridiction comp\u00e9tente<\/strong><\/p>\n<p>Les pr\u00e9sentes conditions g\u00e9n\u00e9rales sont r\u00e9gies par le droit fran\u00e7ais. Tout litige relatif \u00e0 l&rsquo;utilisation du site ou \u00e0 l&rsquo;interpr\u00e9tation des pr\u00e9sentes conditions g\u00e9n\u00e9rales sera soumis \u00e0 la comp\u00e9tence exclusive des tribunaux fran\u00e7ais.<\/p>\n","protected":false},"excerpt":{"rendered":"<p>&nbsp; Conditions d&rsquo;utilisation Pr\u00e9ambule Le site womenartcollection.com propose \u00e0 la vente des images de synth\u00e8se en haute r\u00e9solution. En utilisant ce site, vous acceptez les pr\u00e9sentes conditions d&rsquo;utilisation. Nous affirmons que toutes les images pr\u00e9sentes sur le site sont uniques et ont \u00e9t\u00e9 cr\u00e9\u00e9es exclusivement pour womenartcollection.com. Utilisation du site web 2.1. Acc\u00e8s au site [&hellip;]<\/p>\n","protected":false},"author":1,"featured_media":0,"parent":0,"menu_order":0,"comment_status":"closed","ping_status":"closed","template":"","meta":{"ngg_post_thumbnail":0,"footnotes":""},"class_list":["post-7882","page","type-page","status-publish","hentry","entry"],"yoast_head":"<!-- This site is optimized with the Yoast SEO Premium plugin v20.1 (Yoast SEO v20.6) - https:\/\/yoast.com\/wordpress\/plugins\/seo\/ -->\n<title>conditions d&#039;utilisation - Women Art Collection<\/title>\n<meta name=\"robots\" content=\"index, follow, max-snippet:-1, max-image-preview:large, max-video-preview:-1\" \/>\n<link rel=\"canonical\" href=\"https:\/\/womenartcollection.com\/conditions-dutilisation\/\" \/>\n<meta property=\"og:locale\" content=\"fr_FR\" \/>\n<meta property=\"og:type\" content=\"article\" \/>\n<meta property=\"og:title\" content=\"conditions d&#039;utilisation\" \/>\n<meta property=\"og:description\" content=\"&nbsp; Conditions d&rsquo;utilisation Pr\u00e9ambule Le site womenartcollection.com propose \u00e0 la vente des images de synth\u00e8se en haute r\u00e9solution. En utilisant ce site, vous acceptez les pr\u00e9sentes conditions d&rsquo;utilisation. Nous affirmons que toutes les images pr\u00e9sentes sur le site sont uniques et ont \u00e9t\u00e9 cr\u00e9\u00e9es exclusivement pour womenartcollection.com. Utilisation du site web 2.1. Acc\u00e8s au site [&hellip;]\" \/>\n<meta property=\"og:url\" content=\"https:\/\/womenartcollection.com\/conditions-dutilisation\/\" \/>\n<meta property=\"og:site_name\" content=\"Women Art Collection\" \/>\n<meta property=\"article:publisher\" content=\"https:\/\/www.facebook.com\/womenartcollection\/\" \/>\n<meta property=\"article:modified_time\" content=\"2023-04-27T08:50:29+00:00\" \/>\n<meta property=\"og:image\" content=\"https:\/\/womenartcollection.com\/wp-content\/uploads\/2023\/05\/women-art-collection.png\" \/>\n\t<meta property=\"og:image:width\" content=\"1200\" \/>\n\t<meta property=\"og:image:height\" content=\"675\" \/>\n\t<meta property=\"og:image:type\" content=\"image\/png\" \/>\n<meta name=\"twitter:card\" content=\"summary_large_image\" \/>\n<meta name=\"twitter:label1\" content=\"Dur\u00e9e de lecture estim\u00e9e\" \/>\n\t<meta name=\"twitter:data1\" content=\"2 minutes\" \/>\n<script type=\"application\/ld+json\" class=\"yoast-schema-graph\">{\"@context\":\"https:\/\/schema.org\",\"@graph\":[{\"@type\":\"WebPage\",\"@id\":\"https:\/\/womenartcollection.com\/conditions-dutilisation\/\",\"url\":\"https:\/\/womenartcollection.com\/conditions-dutilisation\/\",\"name\":\"conditions d'utilisation - Women Art Collection\",\"isPartOf\":{\"@id\":\"https:\/\/womenartcollection.com\/#website\"},\"datePublished\":\"2023-04-11T14:30:05+00:00\",\"dateModified\":\"2023-04-27T08:50:29+00:00\",\"breadcrumb\":{\"@id\":\"https:\/\/womenartcollection.com\/conditions-dutilisation\/#breadcrumb\"},\"inLanguage\":\"fr-FR\",\"potentialAction\":[{\"@type\":\"ReadAction\",\"target\":[\"https:\/\/womenartcollection.com\/conditions-dutilisation\/\"]}]},{\"@type\":\"BreadcrumbList\",\"@id\":\"https:\/\/womenartcollection.com\/conditions-dutilisation\/#breadcrumb\",\"itemListElement\":[{\"@type\":\"ListItem\",\"position\":1,\"name\":\"Accueil\",\"item\":\"https:\/\/womenartcollection.com\/fr\/\"},{\"@type\":\"ListItem\",\"position\":2,\"name\":\"conditions d&rsquo;utilisation\"}]},{\"@type\":\"WebSite\",\"@id\":\"https:\/\/womenartcollection.com\/#website\",\"url\":\"https:\/\/womenartcollection.com\/\",\"name\":\"Women Art Collection\",\"description\":\"The largest collection of paintings and drawings dedicated to women in the world.\",\"publisher\":{\"@id\":\"https:\/\/womenartcollection.com\/#organization\"},\"alternateName\":\"The largest collection of works painted in honor of women. Unique digital paintings representing women in different countries of the world and following different themes\",\"potentialAction\":[{\"@type\":\"SearchAction\",\"target\":{\"@type\":\"EntryPoint\",\"urlTemplate\":\"https:\/\/womenartcollection.com\/?s={search_term_string}\"},\"query-input\":\"required name=search_term_string\"}],\"inLanguage\":\"fr-FR\"},{\"@type\":\"Organization\",\"@id\":\"https:\/\/womenartcollection.com\/#organization\",\"name\":\"Women Art Collection\",\"alternateName\":\"Collection watercolor women art\",\"url\":\"https:\/\/womenartcollection.com\/\",\"logo\":{\"@type\":\"ImageObject\",\"inLanguage\":\"fr-FR\",\"@id\":\"https:\/\/womenartcollection.com\/#\/schema\/logo\/image\/\",\"url\":\"https:\/\/womenartcollection.com\/wp-content\/uploads\/2023\/05\/LOGO.jpg\",\"contentUrl\":\"https:\/\/womenartcollection.com\/wp-content\/uploads\/2023\/05\/LOGO.jpg\",\"width\":696,\"height\":688,\"caption\":\"Women Art Collection\"},\"image\":{\"@id\":\"https:\/\/womenartcollection.com\/#\/schema\/logo\/image\/\"},\"sameAs\":[\"https:\/\/www.facebook.com\/womenartcollection\/\"]}]}<\/script>\n<!-- \/ Yoast SEO Premium plugin. -->","yoast_head_json":{"title":"conditions d'utilisation - Women Art Collection","robots":{"index":"index","follow":"follow","max-snippet":"max-snippet:-1","max-image-preview":"max-image-preview:large","max-video-preview":"max-video-preview:-1"},"canonical":"https:\/\/womenartcollection.com\/conditions-dutilisation\/","og_locale":"fr_FR","og_type":"article","og_title":"conditions d'utilisation","og_description":"&nbsp; Conditions d&rsquo;utilisation Pr\u00e9ambule Le site womenartcollection.com propose \u00e0 la vente des images de synth\u00e8se en haute r\u00e9solution. En utilisant ce site, vous acceptez les pr\u00e9sentes conditions d&rsquo;utilisation. Nous affirmons que toutes les images pr\u00e9sentes sur le site sont uniques et ont \u00e9t\u00e9 cr\u00e9\u00e9es exclusivement pour womenartcollection.com. Utilisation du site web 2.1. Acc\u00e8s au site [&hellip;]","og_url":"https:\/\/womenartcollection.com\/conditions-dutilisation\/","og_site_name":"Women Art Collection","article_publisher":"https:\/\/www.facebook.com\/womenartcollection\/","article_modified_time":"2023-04-27T08:50:29+00:00","og_image":[{"width":1200,"height":675,"url":"https:\/\/womenartcollection.com\/wp-content\/uploads\/2023\/05\/women-art-collection.png","type":"image\/png"}],"twitter_card":"summary_large_image","twitter_misc":{"Dur\u00e9e de lecture estim\u00e9e":"2 minutes"},"schema":{"@context":"https:\/\/schema.org","@graph":[{"@type":"WebPage","@id":"https:\/\/womenartcollection.com\/conditions-dutilisation\/","url":"https:\/\/womenartcollection.com\/conditions-dutilisation\/","name":"conditions d'utilisation - Women Art Collection","isPartOf":{"@id":"https:\/\/womenartcollection.com\/#website"},"datePublished":"2023-04-11T14:30:05+00:00","dateModified":"2023-04-27T08:50:29+00:00","breadcrumb":{"@id":"https:\/\/womenartcollection.com\/conditions-dutilisation\/#breadcrumb"},"inLanguage":"fr-FR","potentialAction":[{"@type":"ReadAction","target":["https:\/\/womenartcollection.com\/conditions-dutilisation\/"]}]},{"@type":"BreadcrumbList","@id":"https:\/\/womenartcollection.com\/conditions-dutilisation\/#breadcrumb","itemListElement":[{"@type":"ListItem","position":1,"name":"Accueil","item":"https:\/\/womenartcollection.com\/fr\/"},{"@type":"ListItem","position":2,"name":"conditions d&rsquo;utilisation"}]},{"@type":"WebSite","@id":"https:\/\/womenartcollection.com\/#website","url":"https:\/\/womenartcollection.com\/","name":"Women Art Collection","description":"The largest collection of paintings and drawings dedicated to women in the world.","publisher":{"@id":"https:\/\/womenartcollection.com\/#organization"},"alternateName":"The largest collection of works painted in honor of women. Unique digital paintings representing women in different countries of the world and following different themes","potentialAction":[{"@type":"SearchAction","target":{"@type":"EntryPoint","urlTemplate":"https:\/\/womenartcollection.com\/?s={search_term_string}"},"query-input":"required name=search_term_string"}],"inLanguage":"fr-FR"},{"@type":"Organization","@id":"https:\/\/womenartcollection.com\/#organization","name":"Women Art Collection","alternateName":"Collection watercolor women art","url":"https:\/\/womenartcollection.com\/","logo":{"@type":"ImageObject","inLanguage":"fr-FR","@id":"https:\/\/womenartcollection.com\/#\/schema\/logo\/image\/","url":"https:\/\/womenartcollection.com\/wp-content\/uploads\/2023\/05\/LOGO.jpg","contentUrl":"https:\/\/womenartcollection.com\/wp-content\/uploads\/2023\/05\/LOGO.jpg","width":696,"height":688,"caption":"Women Art Collection"},"image":{"@id":"https:\/\/womenartcollection.com\/#\/schema\/logo\/image\/"},"sameAs":["https:\/\/www.facebook.com\/womenartcollection\/"]}]}},"_links":{"self":[{"href":"https:\/\/womenartcollection.com\/fr\/wp-json\/wp\/v2\/pages\/7882","targetHints":{"allow":["GET"]}}],"collection":[{"href":"https:\/\/womenartcollection.com\/fr\/wp-json\/wp\/v2\/pages"}],"about":[{"href":"https:\/\/womenartcollection.com\/fr\/wp-json\/wp\/v2\/types\/page"}],"author":[{"embeddable":true,"href":"https:\/\/womenartcollection.com\/fr\/wp-json\/wp\/v2\/users\/1"}],"replies":[{"embeddable":true,"href":"https:\/\/womenartcollection.com\/fr\/wp-json\/wp\/v2\/comments?post=7882"}],"version-history":[{"count":4,"href":"https:\/\/womenartcollection.com\/fr\/wp-json\/wp\/v2\/pages\/7882\/revisions"}],"predecessor-version":[{"id":7887,"href":"https:\/\/womenartcollection.com\/fr\/wp-json\/wp\/v2\/pages\/7882\/revisions\/7887"}],"wp:attachment":[{"href":"https:\/\/womenartcollection.com\/fr\/wp-json\/wp\/v2\/media?parent=7882"}],"curies":[{"name":"wp","href":"https:\/\/api.w.org\/{rel}","templated":true}]}}